{"id":16049,"date":"2023-02-16T23:57:45","date_gmt":"2023-02-16T22:57:45","guid":{"rendered":"https:\/\/hofrfoto.cz\/?page_id=16049"},"modified":"2023-02-17T00:04:06","modified_gmt":"2023-02-16T23:04:06","slug":"16049-2","status":"publish","type":"page","link":"https:\/\/hofrfoto.cz\/en\/16049-2\/","title":{"rendered":"Terms and onditions"},"content":{"rendered":"<div class=\"wpb-content-wrapper\"><div class=\"vc_row wpb_row vc_row-fluid\"><div class=\"wpb_column vc_column_container vc_col-sm-12\"><div class=\"vc_column-inner\"><div class=\"wpb_wrapper\"><h2 style=\"font-size: 36px;color: #000000;text-align: left;font-family:Open Sans;font-weight:300;font-style:normal\" class=\"vc_custom_heading vc_do_custom_heading\" >Terms and onditions<\/h2>\n\t<div class=\"wpb_text_column wpb_content_element\" >\n\t\t<div class=\"wpb_wrapper\">\n\t\t\t<p class=\"CDt4Ke zfr3Q\" dir=\"ltr\"><strong>valid from 1 January 2023<\/strong><\/p>\n<p class=\"CDt4Ke zfr3Q\" dir=\"ltr\"><strong>INTRODUCTORY PROVISIONS<\/strong><\/p>\n<p class=\"CDt4Ke zfr3Q\" dir=\"ltr\">These Terms and Conditions of Business (hereinafter referred to as the \"Terms and Conditions\") of Otakar Hofer, a natural person with his registered office in \u0160umice 170, \u0160umice (Uhersk\u00e9 Hradi\u0161t\u011b district), postcode: 687 31, ID No.: 07198647 , registered in the Trade Register kept at the Municipal Office in Zl\u00edn (hereinafter referred to as the \"Photographer\") regulate in accordance with the provisions of Section 1751 (1) of Act No. 89\/2012 Coll, Civil Code (hereinafter referred to as the \"Civil Code\"), the mutual rights and obligations of the parties arising in connection with or on the basis of a contract or agreement for the provision of photographic services (hereinafter referred to as the \"Contract\") concluded between the photographer and the client (hereinafter also referred to as the \"Client\").<\/p>\n<p class=\"CDt4Ke zfr3Q\" dir=\"ltr\">Provisions deviating from the terms and conditions may be agreed in the contract. Deviating provisions in the contract take precedence over the provisions of these Terms and Conditions.<\/p>\n<p class=\"CDt4Ke zfr3Q\" dir=\"ltr\">The provisions of the Terms and Conditions are an integral part of the contract concluded between the photographer and the client. The client is notified of these terms and conditions sufficiently in advance of the actual execution of the order and has the opportunity to familiarize himself with them. By concluding the contract, the client further agrees that these terms and conditions become an integral part of the concluded contract.<\/p>\n<p class=\"CDt4Ke zfr3Q\" dir=\"ltr\">All contractual relations between the photographer and the client are governed by the laws of the Czech Republic. If the contracting party is a consumer, relations not regulated by the Terms and Conditions are governed by the Civil Code and Act No. 634\/1992 Coll., on Consumer Protection. If the contracting party is an entrepreneur, relations not governed by the terms and conditions shall be governed by the provisions of the Civil Code applicable to entrepreneurs.<\/p>\n<p class=\"CDt4Ke zfr3Q\" dir=\"ltr\"><strong>ORDERING OF PHOTOGRAPHIC SERVICES<\/strong><\/p>\n<p class=\"CDt4Ke zfr3Q\" dir=\"ltr\"><strong>Ordering a photo shoot<\/strong><\/p>\n<p class=\"CDt4Ke zfr3Q\" dir=\"ltr\">You can make an appointment by e-mail or by phone.<\/p>\n<p class=\"CDt4Ke zfr3Q\" dir=\"ltr\">The order is binding at the moment of agreeing the date of the photo shoot by the client and the photographer in writing via SMS or e-mail.<\/p>\n<p class=\"CDt4Ke zfr3Q\" dir=\"ltr\">By placing an order, the client confirms acceptance and understanding of these conditions, as well as understanding of the author's approach and photographic style with which the photographer works and has no objections to it.<\/p>\n<p class=\"CDt4Ke zfr3Q\" dir=\"ltr\"><strong>Order period<\/strong><\/p>\n<p class=\"CDt4Ke zfr3Q\" dir=\"ltr\">The ordering period is based on the current workload.<\/p>\n<p class=\"CDt4Ke zfr3Q\" dir=\"ltr\"><strong>Cancellation of a reservation<\/strong><\/p>\n<p class=\"CDt4Ke zfr3Q\" dir=\"ltr\">If the client is unable to attend the arranged photo shoot for any reason and requires cancellation or an alternative date, it is the client's responsibility to notify the photographer by phone or e-mail well in advance.<\/p>\n<p class=\"CDt4Ke zfr3Q\" dir=\"ltr\"><strong>Alternative term<\/strong><\/p>\n<p class=\"CDt4Ke zfr3Q\" dir=\"ltr\">The client acknowledges that if he\/she requests an alternative date, he\/she will be offered the next available date, taking into account the photographer's current availability.<\/p>\n<p class=\"CDt4Ke zfr3Q\" dir=\"ltr\"><strong>PRICE OF PHOTOGRAPHIC SERVICES<\/strong><\/p>\n<p class=\"CDt4Ke zfr3Q\" dir=\"ltr\">The price of services is determined individually according to the order.<\/p>\n<p class=\"CDt4Ke zfr3Q\" dir=\"ltr\"><strong>Maturity of prices<\/strong><\/p>\n<p class=\"CDt4Ke zfr3Q\" dir=\"ltr\">The due date for services is set by the date on the invoice.<\/p>\n<p class=\"CDt4Ke zfr3Q\" dir=\"ltr\">If the price of the chosen package or any additional payment for additional services beyond the package is not paid, the photographer reserves the right not to submit the order until it is duly paid.<\/p>\n<p class=\"CDt4Ke zfr3Q\" dir=\"ltr\"><strong>PHOTOGRAPHING<\/strong><\/p>\n<p class=\"CDt4Ke zfr3Q\" dir=\"ltr\"><strong>Realization of the photo shoot<\/strong><\/p>\n<p class=\"CDt4Ke zfr3Q\" dir=\"ltr\">All types of photography are by appointment. In case of weekend photography the price is increased by 30%.<\/p>\n<p class=\"CDt4Ke zfr3Q\" dir=\"ltr\"><strong>Outdoor photography<\/strong><\/p>\n<p class=\"CDt4Ke zfr3Q\" dir=\"ltr\">The location of the outdoor photo shoot is determined in agreement with the photographer and all the offered types of photo shoots are realized here.<\/p>\n<p class=\"CDt4Ke zfr3Q\" dir=\"ltr\">In case of bad weather, the outdoor photo shoot will be rescheduled.<\/p>\n<p class=\"CDt4Ke zfr3Q\" dir=\"ltr\"><strong>SELECTION OF PHOTOS<\/strong><\/p>\n<p class=\"CDt4Ke zfr3Q\" dir=\"ltr\">Within 10 working days after the photo shoot, the client will receive a link to a gallery with unretouched thumbnails from the photo shoot, from which he\/she will choose photos for final editing.<\/p>\n<p class=\"CDt4Ke zfr3Q\" dir=\"ltr\">The previews that will be sent represent the best shots from the shoot and their selection is made solely by the photographer. Their number is not fixed, but always allows a sufficient selection due to prior agreement.<\/p>\n<p class=\"CDt4Ke zfr3Q\" dir=\"ltr\">According to the Copyright Act No. 121\/2000 Coll., it is not allowed to publish or modify these previews anywhere without the consent of the photographer as the author of the work (they are the property of the photographer and are intended solely for selection for retouching)<\/p>\n<p class=\"CDt4Ke zfr3Q\" dir=\"ltr\">Submitted previews of photographs are not allowed to be edited or presented publicly in any way and are only for the client's personal use and for the subsequent selection of photographs that the client wishes to edit.<\/p>\n<p class=\"CDt4Ke zfr3Q\" dir=\"ltr\">The client sends back the selected photographs for editing as soon as possible, but no later than 3 weeks after receiving them.<\/p>\n<p class=\"CDt4Ke zfr3Q\" dir=\"ltr\">If the selection for photo editing is sent after this deadline, the photographer reserves the right to extend the delivery time (see Photo Delivery Time).<\/p>\n<p class=\"CDt4Ke zfr3Q\" dir=\"ltr\">Ordering photos for retouching and printing is binding (if the customer gives up printed photos within the chosen package, there is no adjustment of the package price)<\/p>\n<p class=\"CDt4Ke zfr3Q\" dir=\"ltr\">After the job is completed, the created gallery with thumbnails is deleted<\/p>\n<p class=\"CDt4Ke zfr3Q\" dir=\"ltr\"><strong>DELIVERY OF PHOTOS<\/strong><\/p>\n<p class=\"CDt4Ke zfr3Q\" dir=\"ltr\">The delivery time of the photos is 8 weeks from the date of sending the selected proofs for editing, not from the date of shooting.<\/p>\n<p class=\"CDt4Ke zfr3Q\" dir=\"ltr\">I reserve the right to extend the delivery time in the following cases:<\/p>\n<p class=\"CDt4Ke zfr3Q\" dir=\"ltr\">When selecting 10 or more photos beyond the selected package.<\/p>\n<p class=\"CDt4Ke zfr3Q\" dir=\"ltr\">If the photographer receives a selection of photos for editing after the 3rd week of sending the proofs, the delivery time is automatically extended up to 10 weeks from the delivery of the selected proofs for editing<\/p>\n<p class=\"CDt4Ke zfr3Q\" dir=\"ltr\">The delivery time for wedding photography can vary depending on the season - approximately one month from the wedding. In the event of unforeseen circumstances, the photographer reserves the right to extend this deadline by 1 month. After this period, in accordance with the contract, the photographer will pay a penalty for each day of delay.<\/p>\n<p class=\"CDt4Ke zfr3Q\" dir=\"ltr\"><strong>Transmission of photographs<\/strong><\/p>\n<p class=\"CDt4Ke zfr3Q\" dir=\"ltr\">The finished job is delivered to the client in both an electronic version via Dropbox or other service the client prefers to their email address. Alternatively, if the client wishes, it can also be physically on a USB drive.<\/p>\n<p class=\"CDt4Ke zfr3Q\" dir=\"ltr\">Submission on physical media is possible in person or by courier or postal service.<\/p>\n<p class=\"CDt4Ke zfr3Q\" dir=\"ltr\"><strong>PHOTO PROCESSING<\/strong><\/p>\n<p class=\"CDt4Ke zfr3Q\" dir=\"ltr\"><strong>Photo format<\/strong><\/p>\n<p class=\"CDt4Ke zfr3Q\" dir=\"ltr\">The processed photographs will be delivered in the scope of the selected package in JPG format at full resolution (suitable for large format printing) and also in a reduced version for web or TV viewing.<\/p>\n<p class=\"CDt4Ke zfr3Q\" dir=\"ltr\"><strong>I DO NOT PROVIDE UNEDITED PHOTOS!<\/strong><\/p>\n<p class=\"CDt4Ke zfr3Q\" dir=\"ltr\"><strong>Retouching<\/strong><\/p>\n<p class=\"CDt4Ke zfr3Q\" dir=\"ltr\">The following adjustments are made to photographs as part of the price: cropping, exposure balancing, contrast, brightness, colouring, removal of momentary defects such as pimples, small bruises, scratches<\/p>\n<p class=\"CDt4Ke zfr3Q\" dir=\"ltr\">More advanced retouching such as skin enhancement and unification, etc. is done by the photographer in the case of portrait or promo photo shoots<\/p>\n<p class=\"CDt4Ke zfr3Q\" dir=\"ltr\">Dissatisfaction with your own appearance is not a reason to complain about your photos<\/p>\n<p class=\"CDt4Ke zfr3Q\" dir=\"ltr\"><strong>Photo archiving<\/strong><\/p>\n<p class=\"CDt4Ke zfr3Q\" dir=\"ltr\">All unedited photos (RAW formats) are archived for 1 month from the submission of the order, after which I delete the data in accordance with EU Regulation 2016\/679 on the protection of natural persons (GDPR)<\/p>\n<p class=\"CDt4Ke zfr3Q\" dir=\"ltr\">If the client wishes to complain about the order, he must do so within this period.<\/p>\n<p class=\"CDt4Ke zfr3Q\" dir=\"ltr\">I archive the submitted photographs (jpg formats) for two years, in the case of wedding commissions half a year after submission.<\/p>\n<p class=\"CDt4Ke zfr3Q\" dir=\"ltr\">If the USB with the photos is lost or damaged during this time, the photographer can resend the data via web services.<\/p>\n<p class=\"CDt4Ke zfr3Q\" dir=\"ltr\"><strong>CONSENT TO THE PROVISION OF PHOTOGRAPHS<\/strong><\/p>\n<p class=\"CDt4Ke zfr3Q\" dir=\"ltr\">All photographs published in the portfolio, on social media or on the website have the consent of the persons concerned. If the client changes his mind, he has the right to withdraw his consent in writing or by email to the address or email address listed in the Contacts.<\/p>\n<p class=\"CDt4Ke zfr3Q\" dir=\"ltr\"><strong>COPYRIGHT<\/strong><\/p>\n<p class=\"CDt4Ke zfr3Q\" dir=\"ltr\">Unless otherwise stated in writing, all photographs are the copyright and property of the photographer and may not be used for any commercial purpose, promotion or sale to a third party without the written permission of the photographer. Photographers may use the photographs for their own non-commercial personal presentation.<\/p>\n<p dir=\"ltr\"><strong>Otakar Hofr<\/strong><\/p>\n<p dir=\"ltr\">On 1st January 2024 in \u0160umice<\/p>\n\n\t\t<\/div>\n\t<\/div>\n<\/div><\/div><\/div><\/div>\n<\/div>","protected":false},"excerpt":{"rendered":"[...]","protected":false},"author":1,"featured_media":0,"parent":0,"menu_order":0,"comment_status":"closed","ping_status":"closed","template":"","meta":{"_exactmetrics_skip_tracking":false,"_exactmetrics_sitenote_active":false,"_exactmetrics_sitenote_note":"","_exactmetrics_sitenote_category":0,"_vp_format_video_url":"","_vp_image_focal_point":[],"footnotes":""},"class_list":["post-16049","page","type-page","status-publish","hentry","entry"],"_links":{"self":[{"href":"https:\/\/hofrfoto.cz\/en\/wp-json\/wp\/v2\/pages\/16049"}],"collection":[{"href":"https:\/\/hofrfoto.cz\/en\/wp-json\/wp\/v2\/pages"}],"about":[{"href":"https:\/\/hofrfoto.cz\/en\/wp-json\/wp\/v2\/types\/page"}],"author":[{"embeddable":true,"href":"https:\/\/hofrfoto.cz\/en\/wp-json\/wp\/v2\/users\/1"}],"replies":[{"embeddable":true,"href":"https:\/\/hofrfoto.cz\/en\/wp-json\/wp\/v2\/comments?post=16049"}],"version-history":[{"count":6,"href":"https:\/\/hofrfoto.cz\/en\/wp-json\/wp\/v2\/pages\/16049\/revisions"}],"predecessor-version":[{"id":16055,"href":"https:\/\/hofrfoto.cz\/en\/wp-json\/wp\/v2\/pages\/16049\/revisions\/16055"}],"wp:attachment":[{"href":"https:\/\/hofrfoto.cz\/en\/wp-json\/wp\/v2\/media?parent=16049"}],"curies":[{"name":"wp","href":"https:\/\/api.w.org\/{rel}","templated":true}]}}